{"id":4122,"date":"2023-11-16T14:46:30","date_gmt":"2023-11-16T10:46:30","guid":{"rendered":"https:\/\/ecolesacrecoeur.re\/?page_id=4122"},"modified":"2025-11-24T14:49:22","modified_gmt":"2025-11-24T10:49:22","slug":"mentions-legales","status":"publish","type":"page","link":"https:\/\/ecolesacrecoeur.re\/index.php\/mentions-legales\/","title":{"rendered":"mentions l\u00e9gales"},"content":{"rendered":"\t\t<div data-elementor-type=\"wp-page\" data-elementor-id=\"4122\" class=\"elementor elementor-4122\" data-elementor-post-type=\"page\">\n\t\t\t\t\t\t<section class=\"elementor-section elementor-top-section elementor-element elementor-element-e32164d elementor-section-full_width elementor-section-stretched elementor-hidden-tablet elementor-hidden-mobile elementor-hidden-desktop elementor-section-height-default elementor-section-height-default\" data-id=\"e32164d\" data-element_type=\"section\" data-e-type=\"section\" data-settings=\"{&quot;stretch_section&quot;:&quot;section-stretched&quot;,&quot;mdp_selection_sticky_effect_enable&quot;:false}\">\n\t\t\t\t\t\t<div class=\"elementor-container elementor-column-gap-default\">\n\t\t\t\t\t<div class=\"elementor-column elementor-col-100 elementor-top-column elementor-element elementor-element-124f4ba\" data-id=\"124f4ba\" data-element_type=\"column\" data-e-type=\"column\" data-settings=\"{&quot;mdp_selection_sticky_column_effect_enable&quot;:false}\">\n\t\t\t<div class=\"elementor-widget-wrap elementor-element-populated\">\n\t\t\t\t\t\t<div class=\"elementor-element elementor-element-76a46ab elementor-widget elementor-widget-image\" data-id=\"76a46ab\" data-element_type=\"widget\" data-e-type=\"widget\" data-widget_type=\"image.default\">\n\t\t\t\t<div class=\"elementor-widget-container\">\n\t\t\t\t\t\t\t\t\t\t\t\t\t\t\t<img fetchpriority=\"high\" decoding=\"async\" width=\"2008\" height=\"827\" src=\"https:\/\/ecolesacrecoeur.re\/wp-content\/uploads\/2021\/12\/A1.png\" class=\"attachment-full size-full wp-image-1661\" alt=\"\" srcset=\"https:\/\/ecolesacrecoeur.re\/wp-content\/uploads\/2021\/12\/A1.png 2008w, https:\/\/ecolesacrecoeur.re\/wp-content\/uploads\/2021\/12\/A1-300x124.png 300w, https:\/\/ecolesacrecoeur.re\/wp-content\/uploads\/2021\/12\/A1-1024x422.png 1024w, https:\/\/ecolesacrecoeur.re\/wp-content\/uploads\/2021\/12\/A1-768x316.png 768w, https:\/\/ecolesacrecoeur.re\/wp-content\/uploads\/2021\/12\/A1-1536x633.png 1536w, https:\/\/ecolesacrecoeur.re\/wp-content\/uploads\/2021\/12\/A1-1200x494.png 1200w, https:\/\/ecolesacrecoeur.re\/wp-content\/uploads\/2021\/12\/A1-1980x815.png 1980w\" sizes=\"(max-width: 2008px) 100vw, 2008px\" \/>\t\t\t\t\t\t\t\t\t\t\t\t\t\t\t<\/div>\n\t\t\t\t<\/div>\n\t\t\t\t\t<\/div>\n\t\t<\/div>\n\t\t\t\t\t<\/div>\n\t\t<\/section>\n\t\t\t\t<section class=\"elementor-section elementor-top-section elementor-element elementor-element-d101e26 elementor-hidden-tablet elementor-hidden-mobile elementor-section-height-min-height elementor-section-boxed elementor-section-height-default elementor-section-items-middle\" data-id=\"d101e26\" data-element_type=\"section\" data-e-type=\"section\" data-settings=\"{&quot;background_background&quot;:&quot;classic&quot;,&quot;mdp_selection_sticky_effect_enable&quot;:false}\">\n\t\t\t\t\t\t<div class=\"elementor-container elementor-column-gap-wider\">\n\t\t\t\t\t<div class=\"elementor-column elementor-col-100 elementor-top-column elementor-element elementor-element-9587de1\" data-id=\"9587de1\" data-element_type=\"column\" data-e-type=\"column\" data-settings=\"{&quot;mdp_selection_sticky_column_effect_enable&quot;:false}\">\n\t\t\t<div class=\"elementor-widget-wrap elementor-element-populated\">\n\t\t\t\t\t\t<div class=\"elementor-element elementor-element-c2ec47a elementor-widget elementor-widget-heading\" data-id=\"c2ec47a\" data-element_type=\"widget\" data-e-type=\"widget\" data-widget_type=\"heading.default\">\n\t\t\t\t<div class=\"elementor-widget-container\">\n\t\t\t\t\t<h1 class=\"elementor-heading-title elementor-size-default\">Mentions l\u00e9gales<\/h1>\t\t\t\t<\/div>\n\t\t\t\t<\/div>\n\t\t\t\t<div class=\"elementor-element elementor-element-269b2de elementor-absolute elementor-hidden-phone elementor-widget elementor-widget-heading\" data-id=\"269b2de\" data-element_type=\"widget\" data-e-type=\"widget\" data-settings=\"{&quot;_position&quot;:&quot;absolute&quot;}\" data-widget_type=\"heading.default\">\n\t\t\t\t<div class=\"elementor-widget-container\">\n\t\t\t\t\t<div class=\"elementor-heading-title elementor-size-default\">\u00c9cole du Sacr\u00e9 C\u0153ur<\/div>\t\t\t\t<\/div>\n\t\t\t\t<\/div>\n\t\t\t\t\t<\/div>\n\t\t<\/div>\n\t\t\t\t\t<\/div>\n\t\t<\/section>\n\t\t\t\t<section class=\"elementor-section elementor-top-section elementor-element elementor-element-4754549 elementor-hidden-tablet elementor-hidden-mobile elementor-section-boxed elementor-section-height-default elementor-section-height-default\" data-id=\"4754549\" data-element_type=\"section\" data-e-type=\"section\" data-settings=\"{&quot;mdp_selection_sticky_effect_enable&quot;:false}\">\n\t\t\t\t\t\t<div class=\"elementor-container elementor-column-gap-default\">\n\t\t\t\t\t<div class=\"elementor-column elementor-col-100 elementor-top-column elementor-element elementor-element-b97ff16\" data-id=\"b97ff16\" data-element_type=\"column\" data-e-type=\"column\" data-settings=\"{&quot;mdp_selection_sticky_column_effect_enable&quot;:false}\">\n\t\t\t<div class=\"elementor-widget-wrap elementor-element-populated\">\n\t\t\t\t\t\t<div class=\"elementor-element elementor-element-627f60a elementor-widget__width-initial elementor-absolute elementor-widget elementor-widget-spacer\" data-id=\"627f60a\" data-element_type=\"widget\" data-e-type=\"widget\" data-settings=\"{&quot;motion_fx_mouseTrack_effect&quot;:&quot;yes&quot;,&quot;_position&quot;:&quot;absolute&quot;,&quot;motion_fx_mouseTrack_speed&quot;:{&quot;unit&quot;:&quot;px&quot;,&quot;size&quot;:0.1,&quot;sizes&quot;:[]},&quot;motion_fx_motion_fx_mouse&quot;:&quot;yes&quot;}\" data-widget_type=\"spacer.default\">\n\t\t\t\t<div class=\"elementor-widget-container\">\n\t\t\t\t\t\t\t<div class=\"elementor-spacer\">\n\t\t\t<div class=\"elementor-spacer-inner\"><\/div>\n\t\t<\/div>\n\t\t\t\t\t\t<\/div>\n\t\t\t\t<\/div>\n\t\t\t\t\t<\/div>\n\t\t<\/div>\n\t\t\t\t\t<\/div>\n\t\t<\/section>\n\t\t\t\t<section class=\"elementor-section elementor-top-section elementor-element elementor-element-1b7c97b elementor-hidden-tablet elementor-hidden-mobile elementor-section-boxed elementor-section-height-default elementor-section-height-default\" data-id=\"1b7c97b\" data-element_type=\"section\" data-e-type=\"section\" data-settings=\"{&quot;mdp_selection_sticky_effect_enable&quot;:false}\">\n\t\t\t\t\t\t<div class=\"elementor-container elementor-column-gap-default\">\n\t\t\t\t\t<div class=\"elementor-column elementor-col-100 elementor-top-column elementor-element elementor-element-b8601b8\" data-id=\"b8601b8\" data-element_type=\"column\" data-e-type=\"column\" data-settings=\"{&quot;mdp_selection_sticky_column_effect_enable&quot;:false}\">\n\t\t\t<div class=\"elementor-widget-wrap elementor-element-populated\">\n\t\t\t\t\t\t<div class=\"elementor-element elementor-element-a0d608b elementor-widget elementor-widget-text-editor\" data-id=\"a0d608b\" data-element_type=\"widget\" data-e-type=\"widget\" data-widget_type=\"text-editor.default\">\n\t\t\t\t<div class=\"elementor-widget-container\">\n\t\t\t\t\t\t\t\t\t<div class=\"elementor-element elementor-element-03eed96 elementor-widget elementor-widget-heading\" data-id=\"03eed96\" data-element_type=\"widget\" data-widget_type=\"heading.default\"><div class=\"elementor-widget-container\"><section class=\"elementor-section elementor-top-section elementor-element elementor-element-654309d elementor-section-content-middle elementor-section-stretched elementor-section-boxed elementor-section-height-default elementor-section-height-default\" data-id=\"654309d\" data-element_type=\"section\" data-settings=\"{&quot;background_background&quot;:&quot;classic&quot;,&quot;stretch_section&quot;:&quot;section-stretched&quot;,&quot;animation&quot;:&quot;none&quot;}\"><div class=\"elementor-container elementor-column-gap-default\"><div class=\"elementor-column elementor-col-100 elementor-top-column elementor-element elementor-element-90761f7\" data-id=\"90761f7\" data-element_type=\"column\" data-settings=\"{&quot;background_background&quot;:&quot;classic&quot;}\"><div class=\"elementor-widget-wrap elementor-element-populated\"><section class=\"elementor-section elementor-inner-section elementor-element elementor-element-18fb0bd elementor-section-content-middle elementor-reverse-tablet elementor-section-full_width elementor-section-height-default elementor-section-height-default\" data-id=\"18fb0bd\" data-element_type=\"section\"><div class=\"elementor-container elementor-column-gap-wider\"><div class=\"elementor-column elementor-col-100 elementor-inner-column elementor-element elementor-element-06de391\" data-id=\"06de391\" data-element_type=\"column\" data-settings=\"{&quot;background_background&quot;:&quot;classic&quot;}\"><div class=\"elementor-widget-wrap elementor-element-populated\"><div class=\"elementor-element elementor-element-b27d8e6 elementor-widget elementor-widget-text-editor animated fadeIn\" data-id=\"b27d8e6\" data-element_type=\"widget\" data-settings=\"{&quot;_animation&quot;:&quot;fadeIn&quot;}\" data-widget_type=\"text-editor.default\"><div class=\"elementor-widget-container\"><p>Vous \u00eates actuellement connect\u00e9 au site Internet \u00abhttps:\/\/ecolesacrecoeur.re\u00a0\u00bb (Ci apr\u00e8s, le \u00ab Site \u00bb), \u00e9dit\u00e9 par la soci\u00e9t\u00e9 Diagramme.<\/p><p>Sauf disposition contraire, les pr\u00e9sentes mentions l\u00e9gales sont applicables \u00e0 votre navigation sur le site internet https:\/\/ecolesacrecoeur.re\/<\/p><p>Ce site destin\u00e9 \u00e0 un public fran\u00e7ais et\/ou situ\u00e9s en France. Les informations communiqu\u00e9es sur le site sont destin\u00e9es \u00e0 un public situ\u00e9 en France.<\/p><p>Les mentions l\u00e9gales sont compl\u00e9t\u00e9es par les politiques de confidentialit\u00e9, accessibles sur le site.<\/p><p><strong>\u00c9diteur<\/strong><br \/>Ce site est \u00e9dit\u00e9 par :<br \/>Raison sociale : SAS-U DIAGRAMME<br \/>Capital social : 15 245 euros<br \/>Adresse : 5 chemin du Pont de Bois, 31130 Quint-Fonsegrives<br \/>Coordonn\u00e9es : T\u00e9l\u00e9phone : 05 61 24 68 69, contact@diagramme31.com<br \/>Registre du Commerce et des Soci\u00e9t\u00e9s : RCS de TOULOUSE sous le num\u00e9ro 381 294 677<br \/>Num\u00e9ro de TVA : FR 00 381 294 677<\/p><p><strong>Contacts<\/strong><br \/>Repr\u00e9sentant l\u00e9gal et Directeur de publication : <strong>ecole sacre coeur<\/strong><\/p><p><strong>Responsable du site : ecole sacre coeur<\/strong><\/p><p><strong>Cr\u00e9ation et h\u00e9bergement\u00a0<\/strong>\u00a0<br \/>Ce site est h\u00e9berg\u00e9 par la soci\u00e9t\u00e9 OVH, soci\u00e9t\u00e9 au capital de 10.000.000 euros, immatricul\u00e9e au RCS de ROUBAIX-TOURCOING sous le num\u00e9ro 424 761 419, dont le si\u00e8ge social est situ\u00e9 \u00a02 rue Kellerman \u2013 59100 ROUBAIX \u2013 FRANCE<\/p><p><strong>Propri\u00e9t\u00e9 intellectuelle, Droits d\u2019auteur<\/strong><br \/>La structure g\u00e9n\u00e9rale : logiciels, textes, images anim\u00e9es, documents t\u00e9l\u00e9chargeables, repr\u00e9sentations iconographiques et photographiques ou non ainsi que tous autres \u00e9l\u00e9ments composants le site sont la propri\u00e9t\u00e9 exclusive de DIAGRAMME.<\/p><p>Toute repr\u00e9sentation totale ou partielle de ce site par quelque proc\u00e9d\u00e9 que ce soit, sans l\u2019autorisation expresse de DIAGRAMME est interdite et constituerait une contrefa\u00e7on sanctionn\u00e9e par les articles L.335-2 et suivants du Code de la propri\u00e9t\u00e9 intellectuelle.<\/p><h2 data-start=\"6081\" data-end=\"6098\">Cookies<\/h2><p data-start=\"6100\" data-end=\"6228\">Le Site https:\/\/ecolesacrecoeur.re a un usage strictement informatif.<br data-start=\"6171\" data-end=\"6174\" \/><strong data-start=\"6174\" data-end=\"6205\">Aucun cookie n\u2019est install\u00e9<\/strong>\u00a0lors de la navigation.<\/p><p><strong>R\u00e9alisation du site<\/strong><br \/>Conception technique, design et d\u00e9veloppement : soci\u00e9t\u00e9 DIAGRAMME<\/p><\/div><\/div><\/div><\/div><\/div><\/section><\/div><\/div><\/div><\/section><section class=\"elementor-section elementor-top-section elementor-element elementor-element-6cf7fa8 elementor-hidden-mobile elementor-section-boxed elementor-section-height-default elementor-section-height-default\" data-id=\"6cf7fa8\" data-element_type=\"section\" data-settings=\"{&quot;background_background&quot;:&quot;video&quot;,&quot;shape_divider_bottom&quot;:&quot;opacity-tilt&quot;,&quot;background_video_link&quot;:&quot;https:\\\/\\\/www.youtube.com\\\/watch?v=6ZA_UmL6ZP4&quot;,&quot;background_video_start&quot;:0,&quot;background_video_end&quot;:0}\"><div class=\"elementor-background-overlay\">\u00a0<\/div><div class=\"elementor-shape elementor-shape-bottom\" aria-hidden=\"true\" data-negative=\"false\">\u00a0<\/div><div class=\"elementor-container elementor-column-gap-default\"><div class=\"elementor-column elementor-col-100 elementor-top-column elementor-element elementor-element-a326a72\" data-id=\"a326a72\" data-element_type=\"column\"><div class=\"elementor-widget-wrap elementor-element-populated\"><div class=\"elementor-element elementor-element-7a50896 elementor-widget elementor-widget-spacer\" data-id=\"7a50896\" data-element_type=\"widget\" data-widget_type=\"spacer.default\"><div class=\"elementor-widget-container\"><div class=\"elementor-spacer\">\u00a0<\/div><\/div><\/div><\/div><\/div><\/div><\/section><\/div><\/div>\t\t\t\t\t\t\t\t<\/div>\n\t\t\t\t<\/div>\n\t\t\t\t\t<\/div>\n\t\t<\/div>\n\t\t\t\t\t<\/div>\n\t\t<\/section>\n\t\t\t\t<\/div>\n\t\t","protected":false},"excerpt":{"rendered":"<p>Mentions l\u00e9gales \u00c9cole du Sacr\u00e9 C\u0153ur Vous \u00eates actuellement connect\u00e9 au site Internet \u00abhttps:\/\/ecolesacrecoeur.re\u00a0\u00bb (Ci apr\u00e8s, le \u00ab Site \u00bb), \u00e9dit\u00e9 par la soci\u00e9t\u00e9 Diagramme. Sauf disposition contraire, les pr\u00e9sentes mentions l\u00e9gales sont applicables \u00e0 votre navigation sur le site internet https:\/\/ecolesacrecoeur.re\/ Ce site destin\u00e9 \u00e0 un public fran\u00e7ais et\/ou situ\u00e9s en France. Les informations [&hellip;]<\/p>\n","protected":false},"author":1,"featured_media":0,"parent":0,"menu_order":0,"comment_status":"closed","ping_status":"closed","template":"","meta":{"footnotes":""},"class_list":["post-4122","page","type-page","status-publish","hentry"],"_links":{"self":[{"href":"https:\/\/ecolesacrecoeur.re\/index.php\/wp-json\/wp\/v2\/pages\/4122","targetHints":{"allow":["GET"]}}],"collection":[{"href":"https:\/\/ecolesacrecoeur.re\/index.php\/wp-json\/wp\/v2\/pages"}],"about":[{"href":"https:\/\/ecolesacrecoeur.re\/index.php\/wp-json\/wp\/v2\/types\/page"}],"author":[{"embeddable":true,"href":"https:\/\/ecolesacrecoeur.re\/index.php\/wp-json\/wp\/v2\/users\/1"}],"replies":[{"embeddable":true,"href":"https:\/\/ecolesacrecoeur.re\/index.php\/wp-json\/wp\/v2\/comments?post=4122"}],"version-history":[{"count":0,"href":"https:\/\/ecolesacrecoeur.re\/index.php\/wp-json\/wp\/v2\/pages\/4122\/revisions"}],"wp:attachment":[{"href":"https:\/\/ecolesacrecoeur.re\/index.php\/wp-json\/wp\/v2\/media?parent=4122"}],"curies":[{"name":"wp","href":"https:\/\/api.w.org\/{rel}","templated":true}]}}