{"id":4116,"date":"2025-11-23T14:43:59","date_gmt":"2025-11-23T10:43:59","guid":{"rendered":"https:\/\/ecolesacrecoeur.re\/?page_id=4116"},"modified":"2025-11-24T14:45:49","modified_gmt":"2025-11-24T10:45:49","slug":"politique-de-confidentialite","status":"publish","type":"page","link":"https:\/\/ecolesacrecoeur.re\/index.php\/politique-de-confidentialite\/","title":{"rendered":"POLITIQUE DE CONFIDENTIALIT\u00c9"},"content":{"rendered":"\t\t<div data-elementor-type=\"wp-page\" data-elementor-id=\"4116\" class=\"elementor elementor-4116\" data-elementor-post-type=\"page\">\n\t\t\t\t\t\t<section class=\"elementor-section elementor-top-section elementor-element elementor-element-e32164d elementor-section-full_width elementor-section-stretched elementor-hidden-tablet elementor-hidden-mobile elementor-hidden-desktop elementor-section-height-default elementor-section-height-default\" data-id=\"e32164d\" data-element_type=\"section\" data-e-type=\"section\" data-settings=\"{&quot;stretch_section&quot;:&quot;section-stretched&quot;,&quot;mdp_selection_sticky_effect_enable&quot;:false}\">\n\t\t\t\t\t\t<div class=\"elementor-container elementor-column-gap-default\">\n\t\t\t\t\t<div class=\"elementor-column elementor-col-100 elementor-top-column elementor-element elementor-element-124f4ba\" data-id=\"124f4ba\" data-element_type=\"column\" data-e-type=\"column\" data-settings=\"{&quot;mdp_selection_sticky_column_effect_enable&quot;:false}\">\n\t\t\t<div class=\"elementor-widget-wrap elementor-element-populated\">\n\t\t\t\t\t\t<div class=\"elementor-element elementor-element-76a46ab elementor-widget elementor-widget-image\" data-id=\"76a46ab\" data-element_type=\"widget\" data-e-type=\"widget\" data-widget_type=\"image.default\">\n\t\t\t\t<div class=\"elementor-widget-container\">\n\t\t\t\t\t\t\t\t\t\t\t\t\t\t\t<img fetchpriority=\"high\" decoding=\"async\" width=\"2008\" height=\"827\" src=\"https:\/\/ecolesacrecoeur.re\/wp-content\/uploads\/2021\/12\/A1.png\" class=\"attachment-full size-full wp-image-1661\" alt=\"\" srcset=\"https:\/\/ecolesacrecoeur.re\/wp-content\/uploads\/2021\/12\/A1.png 2008w, https:\/\/ecolesacrecoeur.re\/wp-content\/uploads\/2021\/12\/A1-300x124.png 300w, https:\/\/ecolesacrecoeur.re\/wp-content\/uploads\/2021\/12\/A1-1024x422.png 1024w, https:\/\/ecolesacrecoeur.re\/wp-content\/uploads\/2021\/12\/A1-768x316.png 768w, https:\/\/ecolesacrecoeur.re\/wp-content\/uploads\/2021\/12\/A1-1536x633.png 1536w, https:\/\/ecolesacrecoeur.re\/wp-content\/uploads\/2021\/12\/A1-1200x494.png 1200w, https:\/\/ecolesacrecoeur.re\/wp-content\/uploads\/2021\/12\/A1-1980x815.png 1980w\" sizes=\"(max-width: 2008px) 100vw, 2008px\" \/>\t\t\t\t\t\t\t\t\t\t\t\t\t\t\t<\/div>\n\t\t\t\t<\/div>\n\t\t\t\t\t<\/div>\n\t\t<\/div>\n\t\t\t\t\t<\/div>\n\t\t<\/section>\n\t\t\t\t<section class=\"elementor-section elementor-top-section elementor-element elementor-element-d101e26 elementor-hidden-tablet elementor-hidden-mobile elementor-section-height-min-height elementor-section-boxed elementor-section-height-default elementor-section-items-middle\" data-id=\"d101e26\" data-element_type=\"section\" data-e-type=\"section\" data-settings=\"{&quot;background_background&quot;:&quot;classic&quot;,&quot;mdp_selection_sticky_effect_enable&quot;:false}\">\n\t\t\t\t\t\t<div class=\"elementor-container elementor-column-gap-wider\">\n\t\t\t\t\t<div class=\"elementor-column elementor-col-100 elementor-top-column elementor-element elementor-element-9587de1\" data-id=\"9587de1\" data-element_type=\"column\" data-e-type=\"column\" data-settings=\"{&quot;mdp_selection_sticky_column_effect_enable&quot;:false}\">\n\t\t\t<div class=\"elementor-widget-wrap elementor-element-populated\">\n\t\t\t\t\t\t<div class=\"elementor-element elementor-element-c2ec47a elementor-widget elementor-widget-heading\" data-id=\"c2ec47a\" data-element_type=\"widget\" data-e-type=\"widget\" data-widget_type=\"heading.default\">\n\t\t\t\t<div class=\"elementor-widget-container\">\n\t\t\t\t\t<h1 class=\"elementor-heading-title elementor-size-default\">POLITIQUE DE CONFIDENTIALIT\u00c9<\/h1>\t\t\t\t<\/div>\n\t\t\t\t<\/div>\n\t\t\t\t<div class=\"elementor-element elementor-element-269b2de elementor-absolute elementor-hidden-phone elementor-widget elementor-widget-heading\" data-id=\"269b2de\" data-element_type=\"widget\" data-e-type=\"widget\" data-settings=\"{&quot;_position&quot;:&quot;absolute&quot;}\" data-widget_type=\"heading.default\">\n\t\t\t\t<div class=\"elementor-widget-container\">\n\t\t\t\t\t<div class=\"elementor-heading-title elementor-size-default\">\u00c9cole du Sacr\u00e9 C\u0153ur<\/div>\t\t\t\t<\/div>\n\t\t\t\t<\/div>\n\t\t\t\t\t<\/div>\n\t\t<\/div>\n\t\t\t\t\t<\/div>\n\t\t<\/section>\n\t\t\t\t<section class=\"elementor-section elementor-top-section elementor-element elementor-element-4754549 elementor-hidden-tablet elementor-hidden-mobile elementor-section-boxed elementor-section-height-default elementor-section-height-default\" data-id=\"4754549\" data-element_type=\"section\" data-e-type=\"section\" data-settings=\"{&quot;mdp_selection_sticky_effect_enable&quot;:false}\">\n\t\t\t\t\t\t<div class=\"elementor-container elementor-column-gap-default\">\n\t\t\t\t\t<div class=\"elementor-column elementor-col-100 elementor-top-column elementor-element elementor-element-b97ff16\" data-id=\"b97ff16\" data-element_type=\"column\" data-e-type=\"column\" data-settings=\"{&quot;mdp_selection_sticky_column_effect_enable&quot;:false}\">\n\t\t\t<div class=\"elementor-widget-wrap elementor-element-populated\">\n\t\t\t\t\t\t<div class=\"elementor-element elementor-element-627f60a elementor-widget__width-initial elementor-absolute elementor-widget elementor-widget-spacer\" data-id=\"627f60a\" data-element_type=\"widget\" data-e-type=\"widget\" data-settings=\"{&quot;motion_fx_mouseTrack_effect&quot;:&quot;yes&quot;,&quot;_position&quot;:&quot;absolute&quot;,&quot;motion_fx_mouseTrack_speed&quot;:{&quot;unit&quot;:&quot;px&quot;,&quot;size&quot;:0.1,&quot;sizes&quot;:[]},&quot;motion_fx_motion_fx_mouse&quot;:&quot;yes&quot;}\" data-widget_type=\"spacer.default\">\n\t\t\t\t<div class=\"elementor-widget-container\">\n\t\t\t\t\t\t\t<div class=\"elementor-spacer\">\n\t\t\t<div class=\"elementor-spacer-inner\"><\/div>\n\t\t<\/div>\n\t\t\t\t\t\t<\/div>\n\t\t\t\t<\/div>\n\t\t\t\t\t<\/div>\n\t\t<\/div>\n\t\t\t\t\t<\/div>\n\t\t<\/section>\n\t\t\t\t<section class=\"elementor-section elementor-top-section elementor-element elementor-element-1b7c97b elementor-hidden-tablet elementor-hidden-mobile elementor-section-boxed elementor-section-height-default elementor-section-height-default\" data-id=\"1b7c97b\" data-element_type=\"section\" data-e-type=\"section\" data-settings=\"{&quot;mdp_selection_sticky_effect_enable&quot;:false}\">\n\t\t\t\t\t\t<div class=\"elementor-container elementor-column-gap-default\">\n\t\t\t\t\t<div class=\"elementor-column elementor-col-100 elementor-top-column elementor-element elementor-element-b8601b8\" data-id=\"b8601b8\" data-element_type=\"column\" data-e-type=\"column\" data-settings=\"{&quot;mdp_selection_sticky_column_effect_enable&quot;:false}\">\n\t\t\t<div class=\"elementor-widget-wrap elementor-element-populated\">\n\t\t\t\t\t\t<div class=\"elementor-element elementor-element-a0d608b elementor-widget elementor-widget-text-editor\" data-id=\"a0d608b\" data-element_type=\"widget\" data-e-type=\"widget\" data-widget_type=\"text-editor.default\">\n\t\t\t\t<div class=\"elementor-widget-container\">\n\t\t\t\t\t\t\t\t\t<div class=\"elementor-element elementor-element-03eed96 elementor-widget elementor-widget-heading\" data-id=\"03eed96\" data-element_type=\"widget\" data-widget_type=\"heading.default\"><div class=\"elementor-widget-container\"><h1 class=\"elementor-heading-title elementor-size-default\">Politique de confidentialit\u00e9<\/h1><\/div><\/div><div class=\"elementor-element elementor-element-21d137b elementor-widget elementor-widget-text-editor\" data-id=\"21d137b\" data-element_type=\"widget\" data-widget_type=\"text-editor.default\"><div class=\"elementor-widget-container\"><p><strong>PR\u00c9AMBULE<\/strong><strong>\u00a0<\/strong><\/p><p>Le pr\u00e9sent document d\u00e9finit la politique de traitements de donn\u00e9es \u00e0 caract\u00e8re personnel mise en \u0153uvre par la Soci\u00e9t\u00e9 DIAGRAMME, conform\u00e9ment au R\u00e8glement Europ\u00e9en 2016\/679 du 27 avril 2016 relatif \u00e0 la protection des personnes physiques \u00e0 l\u2019\u00e9gard du traitement des donn\u00e9es \u00e0 caract\u00e8re personnel et \u00e0 la libre circulation de ces donn\u00e9es (le \u00abRGPD\u00bb)<\/p><p><strong>\u00a0<\/strong><\/p><ol><li><strong>D\u00c9FINITIONS<\/strong><\/li><\/ol><p>Pour les besoins du pr\u00e9sent document, les termes suivants \u00abdonn\u00e9es \u00e0 caract\u00e8re personnel\u00bb, \u00abd\u00e9l\u00e9gu\u00e9 \u00e0 la protection des donn\u00e9es\u00bb, \u00abtraiter\/traitement\u00bb, \u00abresponsable du traitement\u00bb, \u00abdestinataire\u00bb, \u00absous-traitant\u00bb et \u00abtransf\u00e9rer\/transfert\u00bb ont la m\u00eame signification que celle qui leur est donn\u00e9e dans le R\u00e8glement Europ\u00e9en 2016\/679 du 27 avril 2016 relatif \u00e0 la protection des personnes physiques et morales \u00e0 l\u2019\u00e9gard du traitement des donn\u00e9es \u00e0 caract\u00e8re personnel et \u00e0 la libre circulation de ces donn\u00e9es (le \u00abRGPD\u00bb).<\/p><p>\u00a0<\/p><ol start=\"2\"><li><strong>OBLIGATIONS DE DIAGRAMME<\/strong><\/li><\/ol><p><strong>\u00a0<\/strong><\/p><p><strong>2.1. Obligations g\u00e9n\u00e9rales<\/strong><\/p><p>La soci\u00e9t\u00e9 DIAGRAMME s\u2019engage \u00e0 :<\/p><p>(i) Traiter les donn\u00e9es \u00e0 caract\u00e8re personnel collect\u00e9es uniquement dans le cadre de son activit\u00e9 professionnelle.<\/p><p>(ii) Respecter la r\u00e9glementation applicable aux donn\u00e9es \u00e0 caract\u00e8re personnel trait\u00e9es ;<\/p><p>(iii) Veiller \u00e0 ce que les personnes autoris\u00e9es \u00e0 acc\u00e9der aux donn\u00e9es \u00e0 caract\u00e8re personnel en vertu du pr\u00e9sent Contrat re\u00e7oivent la formation n\u00e9cessaire en mati\u00e8re de protection des donn\u00e9es \u00e0 caract\u00e8re personnel ;<\/p><p>(iv) Communiquer le nom et les coordonn\u00e9es du DPO d\u00e9sign\u00e9 \u00e0 toute personne en faisant la demande ;<\/p><p>(v) Ne pas conc\u00e9der, louer, c\u00e9der ou autrement communiquer \u00e0 une autre personne, tout ou partie des donn\u00e9es \u00e0 caract\u00e8re personnel, m\u00eame \u00e0 titre gratuit, ainsi que ne pas utiliser les donn\u00e9es \u00e0 caract\u00e8re personnel \u00e0 d\u2019autres fins que celles pr\u00e9vues ;<\/p><p>(vi) Prendre en compte, s\u2019agissant de ses outils, produits, applications ou Services SaaS, les principes de protection des donn\u00e9es d\u00e8s leur conception.<\/p><p>\u00a0<\/p><p><strong>2.2. S\u00e9curit\u00e9, confidentialit\u00e9, violation et destruction des donn\u00e9es<\/strong><\/p><p>La soci\u00e9t\u00e9 DIAGRAMME s\u2019engage \u00e0 :<\/p><p>(i) Prendre toutes pr\u00e9cautions utiles afin de pr\u00e9server la confidentialit\u00e9 et la s\u00e9curit\u00e9 des donn\u00e9es \u00e0 caract\u00e8re personnel, et notamment, emp\u00eacher qu\u2019elles ne soient d\u00e9form\u00e9es, endommag\u00e9es ou communiqu\u00e9es \u00e0 tout tiers non autoris\u00e9, et plus g\u00e9n\u00e9ralement, \u00e0 mettre en \u0153uvre les mesures techniques et d\u2019organisation appropri\u00e9es pour prot\u00e9ger les donn\u00e9es \u00e0 caract\u00e8re personnel contre la destruction accidentelle illicite, la perte accidentelle, l\u2019alt\u00e9ration, la diffusion ou l\u2019acc\u00e8s non autoris\u00e9s, notamment, lorsque le traitement comporte des transmissions de donn\u00e9es dans un r\u00e9seau, ainsi que, contre toute forme de traitement illicite, \u00e9tant pr\u00e9cis\u00e9 que ces mesures doivent assurer, compte tenu de l\u2019\u00e9tat de l\u2019art, un niveau de s\u00e9curit\u00e9 appropri\u00e9 au regard des risques pr\u00e9sent\u00e9s par les traitements et la nature des donn\u00e9es \u00e0 prot\u00e9ger ;<\/p><p>(ii) Mettre en place des habilitations pour restreindre l\u2019acc\u00e8s des personnes aux donn\u00e9es \u00e0 caract\u00e8re personnel et ne communiquer les donn\u00e9es \u00e0 caract\u00e8re personnel qu\u2019aux personnes ayant besoin d\u2019en conna\u00eetre, en veillant \u00e0 ce que ces personnes soient soumises \u00e0 une obligation contractuelle ou l\u00e9gale de confidentialit\u00e9 et de s\u00e9curit\u00e9 appropri\u00e9e ;<\/p><p>(iii) Mettre \u00e0 jour les mesures de s\u00e9curit\u00e9 compte tenu de l\u2019\u00e9volution de la technique, sans qu\u2019il ne puisse r\u00e9sulter une diminution du niveau de s\u00e9curit\u00e9 ;<\/p><p>(iv) Notifier aux Clients toute violation de donn\u00e9es \u00e0 caract\u00e8re personnel, accompagn\u00e9e de toute documentation utile dans les meilleurs d\u00e9lais et au plus tard huit (8) heures apr\u00e8s en avoir pris connaissance, notamment afin de se conformer \u00e0 l\u2019obligation de notifier \u00e0 la CNIL toute violation de donn\u00e9es dans les conditions vis\u00e9es \u00e0 l\u2019article 33 du RGPD ;<\/p><p>(v) Mettre en place les mesures n\u00e9cessaires \u00e0 la protection des donn\u00e9es \u00e0 caract\u00e8re personnel en cas de violation des donn\u00e9es, en consultation avec ses clients pour limiter tout effet n\u00e9gatif sur les personnes affect\u00e9es par la violation ;<\/p><p>(vi) Respecter les dur\u00e9es de conservation des donn\u00e9es \u00e0 caract\u00e8re personnel;<\/p><p>\u00a0<\/p><p><strong>2.3. Assistance<\/strong><\/p><p>La soci\u00e9t\u00e9 DIAGRAMME s\u2019engage \u00e0 :<\/p><p>(i) Aider et collaborer avec les personnes concern\u00e9es afin de garantir le respect des obligations leur incombant, conform\u00e9ment \u00e0 la r\u00e9glementation applicable en mati\u00e8re de protection des donn\u00e9es \u00e0 caract\u00e8re personnel ;<\/p><p>(ii) Fournir aux personnes concern\u00e9es l\u2019information relative aux traitements de collecte de donn\u00e9es \u00e0 caract\u00e8re personnel.<\/p><p>(iii) R\u00e9pondre dans les meilleurs d\u00e9lais \u00e0 toute demande de personnes concern\u00e9es portant sur les donn\u00e9es \u00e0 caract\u00e8re personnel trait\u00e9es, afin de permettre \u00e0 ces personnes de prendre en compte, dans les d\u00e9lais impartis, les \u00e9ventuelles requ\u00eates des int\u00e9ress\u00e9s (droit d\u2019acc\u00e8s, droit de rectification, droit \u00e0 l\u2019effacement, etc.), et de mani\u00e8re plus g\u00e9n\u00e9rale tenir compte de la nature du traitement et aider ses interlocuteurs par des mesures techniques et organisationnelles appropri\u00e9es \u00e0 s\u2019acquitter de leurs obligations de donner suite aux demandes dont les personnes concern\u00e9es le saisissent en vue d\u2019exercer leurs droits;<\/p><p>(iv) Lorsque les personnes concern\u00e9es exercent aupr\u00e8s d\u2019un cocontractant des demandes d\u2019exercice de leurs droits, adresser ces demandes d\u00e8s leur r\u00e9ception par courrier \u00e9lectronique aux adresses email qui devront \u00eatre communiqu\u00e9es par le Cocontractant \u00e0 la soci\u00e9t\u00e9 DIAGRAMME.<\/p><p>Le cocontractant \u00a0assurera, \u00e0 d\u00e9faut d\u2019instruction \u00e9crite contraire de sa part, le traitement de ces demandes;<\/p><p>(v) Fournir aux interlocuteurs toute information et toute assistance n\u00e9cessaire pour permettre \u00e0 ce dernier de respecter ses obligations en cas de violation de donn\u00e9es \u00e0 caract\u00e8re personnel (incluant au minimum la nature de la violation, les cat\u00e9gories et le nombre approximatif de personnes concern\u00e9es et de donn\u00e9es \u00e0 caract\u00e8re personnel touch\u00e9es par la violation, ainsi que les cons\u00e9quences probables de la violation) ;<\/p><p>\u00a0<\/p><p><strong>2.4. Sous-traitance ult\u00e9rieure<\/strong><\/p><p>La soci\u00e9t\u00e9 DIAGRAMME s\u2019engage \u00e0 ne pas sous-traiter l\u2019ex\u00e9cution des traitements sans en informer les personnes concern\u00e9es.<\/p><p>La soci\u00e9t\u00e9 DIAGRAMME demeure en tout \u00e9tat de cause pleinement responsable de l\u2019ex\u00e9cution, par tout sous-traitant de second rang (pr\u00e9alablement agr\u00e9\u00e9), des obligations lui incombant et s\u2019engage :<\/p><p>(i) \u00c0 r\u00e9percuter aupr\u00e8s de ses sous-traitants les engagements et obligations auxquels elle est tenue au titre du Contrat ;<\/p><p>(ii) \u00c0 communiquer aux cocontractants, sur demande de celui-ci, les termes des contrats conclus avec ses sous-traitants de second rang ;<\/p><p>\u00a0<\/p><p><strong>2.5. Transferts de donn\u00e9es \u00e0 caract\u00e8re personnel hors-UE<\/strong><\/p><p>La soci\u00e9t\u00e9 DIAGRAMME s\u2019engage, que ce soit \u00e0 raison des Prestations qu\u2019elle r\u00e9alise ou \u00e0 raison des Prestations r\u00e9alis\u00e9es dans le cadre d\u2019un recours \u00e0 la sous-traitance autoris\u00e9e selon les conditions du Contrat, \u00e0 ne pas transf\u00e9rer les donn\u00e9es \u00e0 caract\u00e8re personnel trait\u00e9es dans le cadre du Contrat, hors de l\u2019Union Europ\u00e9enne ou des pays dits de \u00ab protection ad\u00e9quate \u00bb sans l\u2019autorisation pr\u00e9alable et \u00e9crite du cocontractant, ce dernier devant en effet pouvoir proc\u00e9der, pr\u00e9alablement au transfert :<\/p><p>(i) \u00c0 la mise en place de garanties appropri\u00e9es telles que pr\u00e9vues par la r\u00e9glementation applicable en mati\u00e8re de protection des donn\u00e9es \u00e0 caract\u00e8re personnel (BCR sous-traitants, clauses types de protection des donn\u00e9es adopt\u00e9es par la Commission responsable du traitement\/sous-traitant, adh\u00e9sion de l\u2019importateur au UE-US Privacy Shield arrangement, code de conduite ou m\u00e9canisme de certification approuv\u00e9s),<\/p><p>(ii) \u00c0 la r\u00e9alisation des formalit\u00e9s et \u00e0 l\u2019obtention le cas \u00e9ch\u00e9ant de l\u2019autorisation pr\u00e9alable de transf\u00e9rer les donn\u00e9es personnelles sur la base d\u2019un engagement de l\u2019importateur des donn\u00e9es personnelles recueillies dans le cadre d\u2019un m\u00e9canisme alternatif de protection des donn\u00e9es \u00e0 caract\u00e8re personnel accept\u00e9 par la CNIL et,<\/p><p>(iii) \u00c0 l\u2019information des personnes concern\u00e9es.<\/p><p>N\u00e9anmoins, si la soci\u00e9t\u00e9 DIAGRAMME est tenue de proc\u00e9der \u00e0 de tels transferts en vertu du droit applicable, celle-ci s\u2019engage \u00e0 informer imm\u00e9diatement les personnes concern\u00e9es, sauf impossibilit\u00e9 l\u00e9gale.<\/p><p>\u00a0<\/p><p><strong>2.6. Audit<\/strong><\/p><p>Sur premi\u00e8re demande de toute personne concern\u00e9e, et dans un d\u00e9lai raisonnable, la soci\u00e9t\u00e9 DIAGRAMME s\u2019engage \u00e0 mettre \u00e0 sa disposition toutes les informations n\u00e9cessaires pour d\u00e9montrer le respect de ses obligations telles qu\u2019\u00e9nonc\u00e9es aux pr\u00e9sentes et lui incombant en tant que sous-traitant et \u00e0 permettre la r\u00e9alisation d\u2019audit(s), y compris des inspections par les personnes concern\u00e9es ou un autre auditeur mandat\u00e9 et contribuer \u00e0 ces audits.<\/p><p>Toute personne concern\u00e9e pourra particuli\u00e8rement contr\u00f4ler l\u2019ad\u00e9quation des mesures techniques et organisationnelles prises par la soci\u00e9t\u00e9 DIAGRAMME.<\/p><p>\u00a0<\/p><ol start=\"3\"><li><strong>CONFIDENTIALIT\u00c9<\/strong><\/li><\/ol><p><strong>\u00a0<\/strong>Chaque Partie s\u2019engage \u00e0 limiter les demandes d\u2019information aupr\u00e8s de l\u2019autre Partie, notamment les Informations Confidentielles, \u00e0 celles strictement n\u00e9cessaires \u00e0 la bonne ex\u00e9cution du Contrat.<\/p><p>Par Information Confidentielle, on entend notamment (cette liste n\u2019\u00e9tant pas exhaustive) :<\/p><p>\u2013 Toute information relative \u00e0 une Partie, communiqu\u00e9e par elle (la \u00ab Partie Communicante \u00bb), \u00e0 l\u2019autre Partie (la \u00ab Partie R\u00e9ceptrice \u00bb), de nature strat\u00e9gique, technique, commerciale, financi\u00e8re, juridique ou autre, sous quelque forme que ce soit, par oral ou par \u00e9crit, courrier \u00e9lectronique, t\u00e9l\u00e9copie, dessins, logiciels, code source, copie \u00e9lectronique de documents, sp\u00e9cifications, informations, graphiques, enregistrements, reproduction graphique ou information digitale transmise \u00e0 la Partie R\u00e9ceptrice avant ou apr\u00e8s la signature ou la date de l\u2019accord et qui a trait \u00e0 la Partie Communicante et\/ou \u00e0 ses produits ;<\/p><p>\u2013 Les traitements eux-m\u00eames, l\u2019identit\u00e9 des personnes qui sont impliqu\u00e9es sur ces derniers, qu\u2019elles travaillent pour une des Parties ou dans l\u2019\u00e9quipe de leurs conseillers ainsi que l\u2019existence, le contenu, la nature, l\u2019\u00e9tape de r\u00e9alisation et l\u2019\u00e9volution des traitements ;<\/p><p>\u2013 L\u2019identit\u00e9 de toute autre soci\u00e9t\u00e9 impliqu\u00e9e, ou que les Parties envisagent d\u2019impliquer dans les traitements ;<\/p><p>\u2013 Toute donn\u00e9e \u00e0 caract\u00e8re personnel objet d\u2019un traitement en application du pr\u00e9sent Contrat ;<\/p><p>\u2013 Le pr\u00e9sent Contrat et tout ce qui s\u2019y rapporte ;<\/p><p>\u2013 Les Parties conviennent que toute information ci-dessus d\u00e9crite et divulgu\u00e9e par la Partie Communicante n\u2019aura pas \u00e0 \u00eatre marqu\u00e9e par elle comme \u00ab confidentielle \u00bb pour (i) \u00eatre consid\u00e9r\u00e9e comme une Information Confidentielle et (ii) \u00eatre prot\u00e9g\u00e9e en tant que telle en vertu du pr\u00e9sent accord.<\/p><p>\u00a0<\/p><p>N\u2019est pas consid\u00e9r\u00e9e comme une Information Confidentielle, toute information qui :<\/p><p>\u2013 Serait dans le domaine public au moment de sa transmission, ou y tomberait post\u00e9rieurement, ind\u00e9pendamment de toute violation d\u2019une clause du Contrat, o\u00f9 ; Serait connue par la Partie \u00e0 laquelle elle \u00e9tait destin\u00e9e avant qu\u2019elle ne lui soit transmise par l\u2019autre Partie, sous r\u00e9serve que la Partie destinataire de l\u2019Information puisse justifier de fa\u00e7on valable en avoir eu connaissance pr\u00e9alablement, o\u00f9 ;<\/p><p>\u2013 Aurait \u00e9t\u00e9 communiqu\u00e9e par un tiers de mani\u00e8re licite et re\u00e7ue de bonne foi, ou ;<\/p><p>\u2013 Aurait \u00e9t\u00e9 communiqu\u00e9e suite \u00e0 une demande administrative ou judiciaire ou ;<\/p><p>\u2013 Constituerait une information dont l\u2019utilisation ou la divulgation a \u00e9t\u00e9 sp\u00e9cifiquement autoris\u00e9e par \u00e9crit par l\u2019autre Partie.<\/p><p>\u00a0<\/p><p>La Partie R\u00e9ceptrice s\u2019engage \u00e0 n\u2019utiliser l\u2019Information Confidentielle de la Partie Communicante qu\u2019en vue de l\u2019ex\u00e9cution de ses obligations \u00e9tablies dans le Contrat.<\/p><p>Ainsi, chaque Partie ne peut divulguer l\u2019Information Confidentielle de l\u2019autre Partie qu\u2019\u00e0 ceux de ses employ\u00e9s, mandataires sociaux, membres du groupe auquel il appartient ou cocontractants qui ont \u00e0 en conna\u00eetre \u00e0 cet effet, et s\u2019engage \u00e0 ne pas communiquer, reproduire, publier ou divulguer de quelque fa\u00e7on que ce soit cette Information Confidentielle \u00e0 des tiers, \u00e0 moins que l\u2019autre Partie n\u2019ait donn\u00e9 son consentement pr\u00e9alable et \u00e9crit.<\/p><p>L\u2019Information Confidentielle ne peut \u00eatre autrement divulgu\u00e9e que dans la seule mesure requise par la loi, y compris par toute autorit\u00e9 de r\u00e9glementation ou de contr\u00f4le. Toutefois, dans ces circonstances et pour autant que la loi l\u2019y autorise, la Partie R\u00e9ceptrice oblig\u00e9e de divulguer l\u2019Information Confidentielle de la Partie Communicante devra en avertir cette derni\u00e8re promptement et par \u00e9crit, de fa\u00e7on \u00e0 lui permettre de chercher toute mesure de protection qu\u2019elle jugerait n\u00e9cessaire.<\/p><p>Chaque Partie s\u2019engage \u00e0 prendre toutes mesures de s\u00e9curit\u00e9, notamment mat\u00e9rielle, pour assurer la conservation et l\u2019int\u00e9grit\u00e9 des Informations Confidentielles trait\u00e9s pendant la dur\u00e9e du pr\u00e9sent Contrat.<\/p><p>Chaque Partie se porte fort du respect de l\u2019obligation de confidentialit\u00e9 pr\u00e9vue au pr\u00e9sent article par ses employ\u00e9s, mandataires sociaux, cocontractants et entit\u00e9s de leur groupe le cas \u00e9ch\u00e9ant, et fera en sorte que ces derniers soient li\u00e9s par une obligation de confidentialit\u00e9 aussi stricte.<\/p><p>Chaque Partie s\u2019engage express\u00e9ment \u00e0 n\u2019utiliser les Informations Confidentielles de l\u2019autre Partie, dont elle aurait connaissance, que dans le cadre du Contrat et \u00e0 n\u2019effectuer aucune duplication, de quelque nature que ce soit, des Informations Confidentielles transmises, si de telles duplications n\u2019ont pas \u00e9t\u00e9 pr\u00e9vues dans le cadre du pr\u00e9sent Contrat.<\/p><p>Chaque Partie restituera \u00e0 l\u2019autre Partie, dans les huit (8) Jours suivant la date de fin du Contrat, l\u2019Information Confidentielle de cette autre Partie ou, dans la mesure o\u00f9 une telle restitution ne peut \u00eatre effectu\u00e9e, lui transmettra une attestation de destruction.<\/p><p>\u00a0<\/p><p>Les obligations issues du pr\u00e9sent article resteront en vigueur pendant une dur\u00e9e de deux (2) ann\u00e9es suivant l\u2019expiration et\/ou la r\u00e9siliation du Contrat et du Contrat de R\u00e9f\u00e9rence, pour toute raison.<\/p><\/div><\/div>\t\t\t\t\t\t\t\t<\/div>\n\t\t\t\t<\/div>\n\t\t\t\t\t<\/div>\n\t\t<\/div>\n\t\t\t\t\t<\/div>\n\t\t<\/section>\n\t\t\t\t<\/div>\n\t\t","protected":false},"excerpt":{"rendered":"<p>POLITIQUE DE CONFIDENTIALIT\u00c9 \u00c9cole du Sacr\u00e9 C\u0153ur Politique de confidentialit\u00e9 PR\u00c9AMBULE\u00a0 Le pr\u00e9sent document d\u00e9finit la politique de traitements de donn\u00e9es \u00e0 caract\u00e8re personnel mise en \u0153uvre par la Soci\u00e9t\u00e9 DIAGRAMME, conform\u00e9ment au R\u00e8glement Europ\u00e9en 2016\/679 du 27 avril 2016 relatif \u00e0 la protection des personnes physiques \u00e0 l\u2019\u00e9gard du traitement des donn\u00e9es \u00e0 caract\u00e8re [&hellip;]<\/p>\n","protected":false},"author":1,"featured_media":0,"parent":0,"menu_order":0,"comment_status":"closed","ping_status":"closed","template":"","meta":{"footnotes":""},"class_list":["post-4116","page","type-page","status-publish","hentry"],"_links":{"self":[{"href":"https:\/\/ecolesacrecoeur.re\/index.php\/wp-json\/wp\/v2\/pages\/4116","targetHints":{"allow":["GET"]}}],"collection":[{"href":"https:\/\/ecolesacrecoeur.re\/index.php\/wp-json\/wp\/v2\/pages"}],"about":[{"href":"https:\/\/ecolesacrecoeur.re\/index.php\/wp-json\/wp\/v2\/types\/page"}],"author":[{"embeddable":true,"href":"https:\/\/ecolesacrecoeur.re\/index.php\/wp-json\/wp\/v2\/users\/1"}],"replies":[{"embeddable":true,"href":"https:\/\/ecolesacrecoeur.re\/index.php\/wp-json\/wp\/v2\/comments?post=4116"}],"version-history":[{"count":0,"href":"https:\/\/ecolesacrecoeur.re\/index.php\/wp-json\/wp\/v2\/pages\/4116\/revisions"}],"wp:attachment":[{"href":"https:\/\/ecolesacrecoeur.re\/index.php\/wp-json\/wp\/v2\/media?parent=4116"}],"curies":[{"name":"wp","href":"https:\/\/api.w.org\/{rel}","templated":true}]}}